{"id":1647,"date":"2016-04-04T17:12:06","date_gmt":"2016-04-04T17:12:06","guid":{"rendered":"http:\/\/grupa-edward.pl\/?page_id=1647"},"modified":"2025-04-01T11:55:19","modified_gmt":"2025-04-01T09:55:19","slug":"ogrodzenia-lupane","status":"publish","type":"page","link":"https:\/\/pro-ogrodzenia.pl\/index.php\/ogrodzenia-lupane\/","title":{"rendered":"OGRODZENIA \u0141UPANE"},"content":{"rendered":"<div class=\"wpb-content-wrapper\"><p>[vc_row 0=&#8221;&#8221; css=&#8221;.vc_custom_1743501228352{padding-top: 50px !important;}&#8221;][vc_column width=&#8221;2\/3&#8243;][vc_column_text 0=&#8221;&#8221; css=&#8221;&#8221;]<\/p>\n<h6>W bogatej ofercie naszej firmy znajdziecie Pa\u0144stwo najwy\u017cszej jako\u015bci ogrodzenia \u0142upane.<br \/>\nOdznaczaj\u0105 si\u0119 one bardzo wysokimi walorami estetycznymi oraz u\u017cytkowymi. Spo\u015br\u00f3d wielu innych system\u00f3w ogrodzeniowych wyr\u00f3\u017cnia je wyj\u0105tkowa trwa\u0142o\u015b\u0107 oraz wytrzyma\u0142o\u015b\u0107. Jest to przede wszystkim zas\u0142ug\u0105 w\u0142a\u015bciwo\u015bci, jakimi odznacza si\u0119 pustak \u0142upany \u2013 materia\u0142, z kt\u00f3rego wykonywane jest ogrodzenie \u0142upane. Jest mrozoodporny, niepodatny na wilgo\u0107 i szereg innych niekorzystnych czynnik\u00f3w.<\/h6>\n<p>[\/vc_column_text][vc_column_text 0=&#8221;&#8221;]<br \/>\n[\/vc_column_text][vc_message message_box_color=&#8221;grey&#8221; css_animation=&#8221;left-to-right&#8221; css=&#8221;&#8221;]<\/p>\n<h6>Cechuje go r\u00f3wnie\u017c wysoka odporno\u015b\u0107 na uszkodzenia mechaniczne. Ponadto pustak \u0142upany jest produktem ekologicznym, za\u015b sw\u00f3j estetyczny wygl\u0105d zachowuje przez d\u0142ugi czas. To wszystko sprawia, \u017ce nasze ogrodzenia \u0142upane to doskona\u0142a inwestycja na wiele lat. Wszechstronne mo\u017cliwo\u015bci wykorzystania ich w rozmaitych aran\u017cacjach czyni\u0105 je niezwykle interesuj\u0105cym elementem przestrzeni, kt\u00f3ry idealnie wsp\u00f3\u0142gra z otoczeniem, podkre\u015blaj\u0105c jego klimat oraz naturalno\u015b\u0107. Ogromnym atutem ogrodze\u0144 wykonanych z pustak\u00f3w jest ponadto szybki i prosty monta\u017c. Nasz asortyment w tym zakresie spe\u0142nia wszelakie normy jako\u015bci i bezpiecze\u0144stwa, odpowiadaj\u0105c wymogom nawet najbardziej wymagaj\u0105cych klient\u00f3w. Proponujemy Pa\u0144stwu ogrodzenia dost\u0119pne w szerokiej gamie kolorystycznej, co u\u0142atwia dopasowanie ich do potrzeb konkretnego projektu. Zapewniamy profesjonalne doradztwo, konkurencyjne ceny, dogodne warunki wsp\u00f3\u0142pracy oraz transport na terenie ca\u0142ego kraju. Serdecznie zapraszamy do zapoznania si\u0119 z nasz\u0105 ofert\u0105 i zach\u0119camy do kontaktu!<\/h6>\n<p>[\/vc_message][vc_column_text 0=&#8221;&#8221;]<br \/>\n[\/vc_column_text][\/vc_column][vc_column width=&#8221;1\/3&#8243;][vc_single_image image=&#8221;1748&#8243; img_size=&#8221;397 \u00d7 376&#8243; css_animation=&#8221;right-to-left&#8221;][\/vc_column][\/vc_row][vc_row 0=&#8221;&#8221;][vc_column width=&#8221;1\/3&#8243;][vc_single_image image=&#8221;1749&#8243; img_size=&#8221;800&#215;600&#8243; onclick=&#8221;img_link_large&#8221; css_animation=&#8221;left-to-right&#8221;][\/vc_column][vc_column width=&#8221;1\/3&#8243;][vc_single_image image=&#8221;1741&#8243; img_size=&#8221;800&#215;600&#8243; css_animation=&#8221;left-to-right&#8221;][\/vc_column][vc_column width=&#8221;1\/3&#8243;][vc_single_image image=&#8221;1743&#8243; img_size=&#8221;800&#215;600&#8243; css_animation=&#8221;left-to-right&#8221; css=&#8221;&#8221;][\/vc_column][\/vc_row]<\/p>\n<\/div>","protected":false},"excerpt":{"rendered":"<p>[vc_row 0=&#8221;&#8221; css=&#8221;.vc_custom_1743501228352{padding-top: 50px !important;}&#8221;][vc_column width=&#8221;2\/3&#8243;][vc_column_text 0=&#8221;&#8221; css=&#8221;&#8221;] W bogatej ofercie naszej firmy znajdziecie Pa\u0144stwo najwy\u017cszej jako\u015bci ogrodzenia \u0142upane. Odznaczaj\u0105 si\u0119 one bardzo wysokimi walorami estetycznymi oraz u\u017cytkowymi. Spo\u015br\u00f3d wielu innych system\u00f3w ogrodzeniowych wyr\u00f3\u017cnia je wyj\u0105tkowa trwa\u0142o\u015b\u0107 oraz wytrzyma\u0142o\u015b\u0107. Jest to przede wszystkim zas\u0142ug\u0105 w\u0142a\u015bciwo\u015bci, jakimi odznacza si\u0119 pustak \u0142upany \u2013 materia\u0142, z kt\u00f3rego wykonywane [&hellip;]<\/p>\n","protected":false},"author":1,"featured_media":0,"parent":0,"menu_order":0,"comment_status":"closed","ping_status":"closed","template":"","meta":{"footnotes":""},"class_list":["post-1647","page","type-page","status-publish","hentry"],"aioseo_notices":[],"_links":{"self":[{"href":"https:\/\/pro-ogrodzenia.pl\/index.php\/wp-json\/wp\/v2\/pages\/1647","targetHints":{"allow":["GET"]}}],"collection":[{"href":"https:\/\/pro-ogrodzenia.pl\/index.php\/wp-json\/wp\/v2\/pages"}],"about":[{"href":"https:\/\/pro-ogrodzenia.pl\/index.php\/wp-json\/wp\/v2\/types\/page"}],"author":[{"embeddable":true,"href":"https:\/\/pro-ogrodzenia.pl\/index.php\/wp-json\/wp\/v2\/users\/1"}],"replies":[{"embeddable":true,"href":"https:\/\/pro-ogrodzenia.pl\/index.php\/wp-json\/wp\/v2\/comments?post=1647"}],"version-history":[{"count":34,"href":"https:\/\/pro-ogrodzenia.pl\/index.php\/wp-json\/wp\/v2\/pages\/1647\/revisions"}],"predecessor-version":[{"id":2639,"href":"https:\/\/pro-ogrodzenia.pl\/index.php\/wp-json\/wp\/v2\/pages\/1647\/revisions\/2639"}],"wp:attachment":[{"href":"https:\/\/pro-ogrodzenia.pl\/index.php\/wp-json\/wp\/v2\/media?parent=1647"}],"curies":[{"name":"wp","href":"https:\/\/api.w.org\/{rel}","templated":true}]}}